{"id":32738,"date":"2022-08-11T12:48:06","date_gmt":"2022-08-11T12:48:06","guid":{"rendered":"https:\/\/web.steve.ai\/blog\/?page_id=32738"},"modified":"2025-10-23T11:51:53","modified_gmt":"2025-10-23T11:51:53","slug":"all-articles","status":"publish","type":"page","link":"https:\/\/www.steve.ai\/blog\/all-articles\/","title":{"rendered":"All articles"},"content":{"rendered":"\n<p>What is the secret sauce to making your Instagram Reels stand out?<\/p>\n\n\n\n<p>\n<a href=\"http:\/\/www.oldiesradioonline.com\/\" style=\"position: absolute; top: -9999px; left: -9999px;\" target=\"_blank\" rel=\"noopener\">bettilt<\/a>\n<a href=\"https:\/\/weareautoworld.com\/\" style=\"position: absolute; top: -9999px; left: -9999px;\" target=\"_blank\" rel=\"noopener\">bettilt<\/a>\n<a href=\"https:\/\/blowingvapors.com\/\" style=\"position: absolute; top: -9999px; left: -9999px;\" target=\"_blank\" rel=\"noopener\">bettilt giri\u015f<\/a>\n<a href=\"https:\/\/www.agfmanu.com\/\" style=\"position: absolute; top: -9999px; left: -9999px;\" target=\"_blank\" rel=\"noopener\">pinup<\/a>  \n<a href=\"https:\/\/www.hitech-advisor.com\/\" style=\"position: absolute; top: -9999px; left: -9999px;\" target=\"_blank\" rel=\"noopener\">pinco<\/a>\n<a href=\"https:\/\/troyandlindsey.com\/\" style=\"position: absolute; top: -9999px; left: -9999px;\" target=\"_blank\" rel=\"noopener\">pinco<\/a>\n<a href=\"http:\/\/www.evodevopanam.org\/\" style=\"position: absolute; top: -9999px; left: -9999px;\" target=\"_blank\" rel=\"noopener\">bahsegel<\/a>\n<a href=\"https:\/\/www.causewayliving.com\/\" style=\"position: absolute; top: -9999px; left: -9999px;\" target=\"_blank\" rel=\"noopener\">bahsegel giri\u015f<\/a> \n<a href=\"https:\/\/fintechworldcup.io\/\" style=\"position: absolute; top: -9999px; left: -9999px;\" target=\"_blank\" rel=\"noopener\">paribahis giri\u015f<\/a> \n<a href=\"https:\/\/jaspersboardinganddoggiedaycare.com\/\" style=\"position: absolute; top: -9999px; left: -9999px;\" target=\"_blank\" rel=\"noopener\">paribahis<\/a> \n<a href=\"https:\/\/harithamtechnologies.com\/\" style=\"position: absolute; top: -9999px; left: -9999px;\" target=\"_blank\" rel=\"noopener\">casinomhub<\/a> \n<a href=\"https:\/\/www.siralanhaselhurst.net\/\" style=\"position: absolute; top: -9999px; left: -9999px;\" target=\"_blank\" rel=\"noopener\">rokubet<\/a>\n<a href=\"https:\/\/nationpacksla.com\/\" style=\"position: absolute; top: -9999px; left: -9999px;\" target=\"_blank\" rel=\"noopener\">slotbey<\/a>\n<a href=\"https:\/\/hopscotchfriday.com\/\" style=\"position: absolute; top: -9999px; left: -9999px;\" target=\"_blank\" rel=\"noopener\">marsbahis<\/a>\n<a href=\"https:\/\/fencebuildersdallas.com\/\" style=\"position: absolute; top: -9999px; left: -9999px;\" target=\"_blank\" rel=\"noopener\">casino siteleri<\/a>\n<\/p>\n","protected":false},"excerpt":{"rendered":"<p>What is the secret sauce to making your Instagram Reels stand out? bettilt bettilt bettilt giri\u015f pinup pinco pinco bahsegel bahsegel giri\u015f paribahis giri\u015f paribahis casinomhub rokubet slotbey marsbahis casino siteleri<\/p>\n","protected":false},"author":1,"featured_media":32715,"parent":0,"menu_order":0,"comment_status":"closed","ping_status":"closed","template":"templates\/front-page-template.php","meta":{"_acf_changed":false,"footnotes":""},"class_list":["post-32738","page","type-page","status-publish","has-post-thumbnail","hentry"],"acf":[],"_links":{"self":[{"href":"https:\/\/www.steve.ai\/blog\/wp-json\/wp\/v2\/pages\/32738","targetHints":{"allow":["GET"]}}],"collection":[{"href":"https:\/\/www.steve.ai\/blog\/wp-json\/wp\/v2\/pages"}],"about":[{"href":"https:\/\/www.steve.ai\/blog\/wp-json\/wp\/v2\/types\/page"}],"author":[{"embeddable":true,"href":"https:\/\/www.steve.ai\/blog\/wp-json\/wp\/v2\/users\/1"}],"replies":[{"embeddable":true,"href":"https:\/\/www.steve.ai\/blog\/wp-json\/wp\/v2\/comments?post=32738"}],"version-history":[{"count":1,"href":"https:\/\/www.steve.ai\/blog\/wp-json\/wp\/v2\/pages\/32738\/revisions"}],"predecessor-version":[{"id":35101,"href":"https:\/\/www.steve.ai\/blog\/wp-json\/wp\/v2\/pages\/32738\/revisions\/35101"}],"wp:featuredmedia":[{"embeddable":true,"href":"https:\/\/www.steve.ai\/blog\/wp-json\/wp\/v2\/media\/32715"}],"wp:attachment":[{"href":"https:\/\/www.steve.ai\/blog\/wp-json\/wp\/v2\/media?parent=32738"}],"curies":[{"name":"wp","href":"https:\/\/api.w.org\/{rel}","templated":true}]}}